{"id":117,"date":"2017-04-19T10:00:32","date_gmt":"2017-04-19T10:00:32","guid":{"rendered":"http:\/\/morphophonology-eng-lll.msh-vdl.fr\/?page_id=117"},"modified":"2017-04-19T10:03:19","modified_gmt":"2017-04-19T10:03:19","slug":"mentions-legales","status":"publish","type":"page","link":"https:\/\/morphophonology-eng-lll.msh-vdl.fr\/index.php\/fr\/mentions-legales\/","title":{"rendered":"Mentions l\u00e9gales"},"content":{"rendered":"<div>\n<p>Universit\u00e9 Fran\u00e7ois-Rabelais<br \/>\nLLL &#8211; UMR7270<br \/>\n3 rue des Tanneurs<br \/>\nBP 4103<br \/>\n37041 TOURS cedex 01<\/p>\n<p>Directrice de la publication : Jean Michel Fournier, Directeur adjoint du Laboratoire Lig\u00e9rien de Linguistique<\/p>\n<h3>Donn\u00e9es personnelles et informations nominatives<\/h3>\n<p>Les donn\u00e9es personnelles recueillies sur le site r\u00e9sultent de la communication volontaire d&rsquo;une adresse de courrier \u00e9lectronique lors du d\u00e9p\u00f4t d&rsquo;un message \u00e9lectronique.<br \/>\nLes courriels ainsi recueillis ne servent qu&rsquo;\u00e0 transmettre les \u00e9l\u00e9ments d&rsquo;informations demand\u00e9s.<\/p>\n<p>Conform\u00e9ment \u00e0 l&rsquo;article 34 de la Loi \u00ab\u00a0Informatique et Libert\u00e9s\u00a0\u00bb n\u00b0 78-17 du 6 janvier 1978, modifi\u00e9e le 6 ao\u00fbt 2004, vous disposez d&rsquo;un droit d&rsquo;acc\u00e8s, de modification, de rectification et de suppression des donn\u00e9es qui vous concernent.<\/p>\n<h3>L\u00e9gislation<\/h3>\n<p>En application de la loi du 11 mars 1957 (art. 41) et du code de la propri\u00e9t\u00e9 intellectuelle du 1er juillet 1992, toute reproduction partielle ou totale \u00e0 usage collectif est strictement interdite sans autorisation du LLL.<\/p>\n<h3>Mise \u00e0 jour<\/h3>\n<p>La mise \u00e0 jour du site est r\u00e9alis\u00e9e r\u00e9guli\u00e8rement par le personnel du LLL &#8211; UMR7270.<br \/>\nContact webmestre : Flora Badin, <a href=\"mailto:flora.badin@univ-orleans.fr\">flora.badin@univ-orleans.fr<\/a><\/p>\n<h3>H\u00e9bergement<\/h3>\n<p>Universit\u00e9 Fran\u00e7ois-Rabelais<br \/>\nDirection des Technologies de l&rsquo;Information et de la Communication (DTIC)<br \/>\n60, Rue du Plat d&rsquo;Etain BP 12050<br \/>\n37020 TOURS CEDEX 1<br \/>\n<a href=\"mailto:service.informatique@univ-tours.fr\">service.informatique@univ-tours.fr<\/a><\/p>\n<h3>R\u00e9alisation<\/h3>\n<p>LLL<br \/>\nPropuls\u00e9 par <a href=\"https:\/\/wordpress.org\/\" target=\"_blank\">WordPress<\/a><\/p>\n<\/div>\n<p>Icones : <a href=\"http:\/\/creativecommons.org\/licenses\/by\/3.0\/\" target=\"_blank\">CC BY 3.0<\/a><\/p>\n<p>Photo Banni\u00e8re : <a href=\"http:\/\/creativecommons.org\/licenses\/by-sa\/3.0\/deed.fr\" target=\"_blank\">CC BY-SA 3.0<\/a><\/p>\n","protected":false},"excerpt":{"rendered":"<p>Universit\u00e9 Fran\u00e7ois-Rabelais LLL &#8211; UMR7270 3 rue des Tanneurs BP 4103 37041 TOURS cedex 01 Directrice de la publication : Jean Michel Fournier, Directeur adjoint du Laboratoire Lig\u00e9rien de Linguistique Donn\u00e9es personnelles et informations nominatives Les donn\u00e9es personnelles recueillies sur &hellip; <a href=\"https:\/\/morphophonology-eng-lll.msh-vdl.fr\/index.php\/fr\/mentions-legales\/\">Continuer la lecture <span class=\"meta-nav\">&rarr;<\/span><\/a><\/p>\n","protected":false},"author":1,"featured_media":0,"parent":0,"menu_order":0,"comment_status":"closed","ping_status":"closed","template":"","meta":[],"_links":{"self":[{"href":"https:\/\/morphophonology-eng-lll.msh-vdl.fr\/index.php\/wp-json\/wp\/v2\/pages\/117"}],"collection":[{"href":"https:\/\/morphophonology-eng-lll.msh-vdl.fr\/index.php\/wp-json\/wp\/v2\/pages"}],"about":[{"href":"https:\/\/morphophonology-eng-lll.msh-vdl.fr\/index.php\/wp-json\/wp\/v2\/types\/page"}],"author":[{"embeddable":true,"href":"https:\/\/morphophonology-eng-lll.msh-vdl.fr\/index.php\/wp-json\/wp\/v2\/users\/1"}],"replies":[{"embeddable":true,"href":"https:\/\/morphophonology-eng-lll.msh-vdl.fr\/index.php\/wp-json\/wp\/v2\/comments?post=117"}],"version-history":[{"count":2,"href":"https:\/\/morphophonology-eng-lll.msh-vdl.fr\/index.php\/wp-json\/wp\/v2\/pages\/117\/revisions"}],"predecessor-version":[{"id":121,"href":"https:\/\/morphophonology-eng-lll.msh-vdl.fr\/index.php\/wp-json\/wp\/v2\/pages\/117\/revisions\/121"}],"wp:attachment":[{"href":"https:\/\/morphophonology-eng-lll.msh-vdl.fr\/index.php\/wp-json\/wp\/v2\/media?parent=117"}],"curies":[{"name":"wp","href":"https:\/\/api.w.org\/{rel}","templated":true}]}}