{"id":38,"date":"2017-04-13T12:25:22","date_gmt":"2017-04-13T12:25:22","guid":{"rendered":"http:\/\/morphophonology-eng-lll.msh-vdl.fr\/?page_id=38"},"modified":"2017-04-19T09:37:48","modified_gmt":"2017-04-19T09:37:48","slug":"les-partenaires","status":"publish","type":"page","link":"https:\/\/morphophonology-eng-lll.msh-vdl.fr\/index.php\/fr\/les-partenaires\/","title":{"rendered":"Les partenaires"},"content":{"rendered":"<p>Le projet comprends les partenaires suivants :<\/p>\n<p style=\"padding-left: 30px;\"><a href=\"http:\/\/morphophonology-eng-lll.msh-vdl.fr\/wp-content\/uploads\/2017\/04\/logo_LLL_simple.jpg\"><img loading=\"lazy\" class=\"alignnone wp-image-54\" src=\"http:\/\/morphophonology-eng-lll.msh-vdl.fr\/wp-content\/uploads\/2017\/04\/logo_LLL_simple.jpg\" alt=\"\" width=\"25\" height=\"22\" \/><\/a><a href=\"http:\/\/lll.cnrs.fr\"> LLL<\/a><\/p>\n<p style=\"padding-left: 30px;\"><a href=\"http:\/\/morphophonology-eng-lll.msh-vdl.fr\/wp-content\/uploads\/2017\/04\/logo_labo_painleve.png\"><img loading=\"lazy\" class=\"alignnone wp-image-55\" src=\"http:\/\/morphophonology-eng-lll.msh-vdl.fr\/wp-content\/uploads\/2017\/04\/logo_labo_painleve.png\" alt=\"\" width=\"23\" height=\"29\" \/><\/a><a href=\"https:\/\/math.univ-lille1.fr\/\">Laboratoire Paul Painlev\u00e9<\/a><\/p>\n<p style=\"padding-left: 30px;\"><a href=\"http:\/\/morphophonology-eng-lll.msh-vdl.fr\/wp-content\/uploads\/2017\/04\/CNRS2.png\"><img loading=\"lazy\" class=\"alignnone wp-image-56\" src=\"http:\/\/morphophonology-eng-lll.msh-vdl.fr\/wp-content\/uploads\/2017\/04\/CNRS2-300x300.png\" alt=\"\" width=\"26\" height=\"26\" \/><\/a><a href=\"http:\/\/cnrs.fr\">CNRS<\/a><\/p>\n<p style=\"padding-left: 30px;\"><a href=\"http:\/\/morphophonology-eng-lll.msh-vdl.fr\/wp-content\/uploads\/2017\/04\/logo_msh.png\"><img loading=\"lazy\" class=\"alignnone wp-image-57\" src=\"http:\/\/morphophonology-eng-lll.msh-vdl.fr\/wp-content\/uploads\/2017\/04\/logo_msh.png\" alt=\"\" width=\"38\" height=\"17\" \/> <\/a><a href=\"http:\/\/msh-vdl.fr\">MSH-vdl<\/a><\/p>\n<p style=\"padding-left: 30px;\"><a href=\"http:\/\/www.univ-tours.fr\/\"><img loading=\"lazy\" class=\"alignnone wp-image-61\" src=\"http:\/\/morphophonology-eng-lll.msh-vdl.fr\/wp-content\/uploads\/2017\/04\/Universite_Francois_Rabelais-300x214.png\" alt=\"\" width=\"29\" height=\"21\" \/><\/a><a href=\"http:\/\/univ-tours.fr\">Universit\u00e9 Fran\u00e7ois Rabelais<\/a><\/p>\n<p style=\"padding-left: 30px;\"><a href=\"http:\/\/www.univ-orleans.fr\/\"><img loading=\"lazy\" class=\"alignnone wp-image-58\" src=\"http:\/\/morphophonology-eng-lll.msh-vdl.fr\/wp-content\/uploads\/2017\/04\/Logo-Universite-Orleans2-300x176.jpg\" alt=\"\" width=\"32\" height=\"19\" \/><\/a><a href=\"http:\/\/univ-orleans.fr\">Universit\u00e9 d&rsquo;Orl\u00e9ans<\/a><\/p>\n<p style=\"padding-left: 30px;\"><a href=\"http:\/\/morphophonology-eng-lll.msh-vdl.fr\/wp-content\/uploads\/2017\/04\/universite-poitiers.jpg\"><img loading=\"lazy\" class=\"alignnone wp-image-78\" src=\"http:\/\/morphophonology-eng-lll.msh-vdl.fr\/wp-content\/uploads\/2017\/04\/universite-poitiers-300x190.jpg\" alt=\"\" width=\"36\" height=\"23\" \/><\/a><a href=\"http:\/\/www.univ-poitiers.fr\/\">Universit\u00e9 de Poitiers<\/a><\/p>\n<p style=\"padding-left: 30px;\">R\u00e9seau Fran\u00e7ais de Phonologie (RFP colloque en juillet : dernier en date <a href=\"https:\/\/rfp2016.sciencesconf.org\/\">https:\/\/rfp2016.sciencesconf.org\/<\/a>)<\/p>\n<p style=\"padding-left: 30px;\">\n","protected":false},"excerpt":{"rendered":"<p>Le projet comprends les partenaires suivants : LLL Laboratoire Paul Painlev\u00e9 CNRS MSH-vdl Universit\u00e9 Fran\u00e7ois Rabelais Universit\u00e9 d&rsquo;Orl\u00e9ans Universit\u00e9 de Poitiers R\u00e9seau Fran\u00e7ais de Phonologie (RFP colloque en juillet : dernier en date https:\/\/rfp2016.sciencesconf.org\/)<\/p>\n","protected":false},"author":1,"featured_media":0,"parent":0,"menu_order":0,"comment_status":"closed","ping_status":"closed","template":"","meta":[],"_links":{"self":[{"href":"https:\/\/morphophonology-eng-lll.msh-vdl.fr\/index.php\/wp-json\/wp\/v2\/pages\/38"}],"collection":[{"href":"https:\/\/morphophonology-eng-lll.msh-vdl.fr\/index.php\/wp-json\/wp\/v2\/pages"}],"about":[{"href":"https:\/\/morphophonology-eng-lll.msh-vdl.fr\/index.php\/wp-json\/wp\/v2\/types\/page"}],"author":[{"embeddable":true,"href":"https:\/\/morphophonology-eng-lll.msh-vdl.fr\/index.php\/wp-json\/wp\/v2\/users\/1"}],"replies":[{"embeddable":true,"href":"https:\/\/morphophonology-eng-lll.msh-vdl.fr\/index.php\/wp-json\/wp\/v2\/comments?post=38"}],"version-history":[{"count":3,"href":"https:\/\/morphophonology-eng-lll.msh-vdl.fr\/index.php\/wp-json\/wp\/v2\/pages\/38\/revisions"}],"predecessor-version":[{"id":116,"href":"https:\/\/morphophonology-eng-lll.msh-vdl.fr\/index.php\/wp-json\/wp\/v2\/pages\/38\/revisions\/116"}],"wp:attachment":[{"href":"https:\/\/morphophonology-eng-lll.msh-vdl.fr\/index.php\/wp-json\/wp\/v2\/media?parent=38"}],"curies":[{"name":"wp","href":"https:\/\/api.w.org\/{rel}","templated":true}]}}