{"id":42,"date":"2017-04-13T12:26:32","date_gmt":"2017-04-13T12:26:32","guid":{"rendered":"http:\/\/morphophonology-eng-lll.msh-vdl.fr\/?page_id=42"},"modified":"2017-04-19T09:32:35","modified_gmt":"2017-04-19T09:32:35","slug":"project","status":"publish","type":"page","link":"https:\/\/morphophonology-eng-lll.msh-vdl.fr\/index.php\/en\/project\/","title":{"rendered":"Project"},"content":{"rendered":"<p style=\"text-align: justify;\"><span id=\"result_box\" class=\"\" lang=\"en\"><span title=\"Dirig\u00e9e par J.-M. Fournier, l'\u00e9quipe r\u00e9unit 4 EC (dont 1 \u00e0 50%), 2 MCF associ\u00e9s (et anciens doctorants du LLL, en poste \u00e0 l'Universit\u00e9 du Littoral et \u00e0 Paris 13) et trois doctorants (\">The team, led by J.-M. Fournier, brings together 4 EC (of which 1 to 50%), 2 MCF associates (and former LLL PhD students based at the Universit\u00e9 du Littoral and Paris 13) <\/span><span title=\"l'un devant avoir soutenu en 2016, l'autre en co-encadrement avec l'Universit\u00e9 Lomonossov de Moscou, le troisi\u00e8me avec Orl\u00e9ans).\">One in 2016, the other in co-supervision with the Lomonosov University in Moscow, and the third with Orleans). <\/span><span title=\"Si le travail s'est poursuivi sur le traitement des bases de donn\u00e9es de l'anglais, \u00e0 l'occasion du nouveau contrat une ouverture \u00e0 d'autres langues a \u00e9t\u00e9 rendue possible avec l'arriv\u00e9e d'un coll\u00e8gue travaillant, entre autres,\">If the work continued on the processing of English databases, the new contract opened up to other languages \u200b\u200bwas made possible with the arrival of a colleague working, among others, <\/span><span title=\"sur l'italien et le somali.\">On the Italian and the Somali.<\/span><\/span><\/p>\n","protected":false},"excerpt":{"rendered":"<p>The team, led by J.-M. Fournier, brings together 4 EC (of which 1 to 50%), 2 MCF associates (and former LLL PhD students based at the Universit\u00e9 du Littoral and Paris 13) One in 2016, the other in co-supervision with &hellip; <a href=\"https:\/\/morphophonology-eng-lll.msh-vdl.fr\/index.php\/en\/project\/\">Continuer la lecture <span class=\"meta-nav\">&rarr;<\/span><\/a><\/p>\n","protected":false},"author":1,"featured_media":0,"parent":0,"menu_order":0,"comment_status":"closed","ping_status":"closed","template":"","meta":[],"_links":{"self":[{"href":"https:\/\/morphophonology-eng-lll.msh-vdl.fr\/index.php\/wp-json\/wp\/v2\/pages\/42"}],"collection":[{"href":"https:\/\/morphophonology-eng-lll.msh-vdl.fr\/index.php\/wp-json\/wp\/v2\/pages"}],"about":[{"href":"https:\/\/morphophonology-eng-lll.msh-vdl.fr\/index.php\/wp-json\/wp\/v2\/types\/page"}],"author":[{"embeddable":true,"href":"https:\/\/morphophonology-eng-lll.msh-vdl.fr\/index.php\/wp-json\/wp\/v2\/users\/1"}],"replies":[{"embeddable":true,"href":"https:\/\/morphophonology-eng-lll.msh-vdl.fr\/index.php\/wp-json\/wp\/v2\/comments?post=42"}],"version-history":[{"count":2,"href":"https:\/\/morphophonology-eng-lll.msh-vdl.fr\/index.php\/wp-json\/wp\/v2\/pages\/42\/revisions"}],"predecessor-version":[{"id":109,"href":"https:\/\/morphophonology-eng-lll.msh-vdl.fr\/index.php\/wp-json\/wp\/v2\/pages\/42\/revisions\/109"}],"wp:attachment":[{"href":"https:\/\/morphophonology-eng-lll.msh-vdl.fr\/index.php\/wp-json\/wp\/v2\/media?parent=42"}],"curies":[{"name":"wp","href":"https:\/\/api.w.org\/{rel}","templated":true}]}}