{"id":44,"date":"2017-04-13T12:27:04","date_gmt":"2017-04-13T12:27:04","guid":{"rendered":"http:\/\/morphophonology-eng-lll.msh-vdl.fr\/?page_id=44"},"modified":"2017-04-19T09:37:23","modified_gmt":"2017-04-19T09:37:23","slug":"partners","status":"publish","type":"page","link":"https:\/\/morphophonology-eng-lll.msh-vdl.fr\/index.php\/en\/partners\/","title":{"rendered":"Partners"},"content":{"rendered":"<p style=\"padding-left: 30px;\"><a href=\"http:\/\/morphophonology-eng-lll.msh-vdl.fr\/wp-content\/uploads\/2017\/04\/logo_LLL_simple.jpg\"><img loading=\"lazy\" class=\"alignnone wp-image-54\" src=\"http:\/\/morphophonology-eng-lll.msh-vdl.fr\/wp-content\/uploads\/2017\/04\/logo_LLL_simple.jpg\" alt=\"\" width=\"25\" height=\"22\" \/><\/a><a href=\"http:\/\/lll.cnrs.fr\"> LLL<\/a><\/p>\n<p style=\"padding-left: 30px;\"><a href=\"http:\/\/morphophonology-eng-lll.msh-vdl.fr\/wp-content\/uploads\/2017\/04\/logo_labo_painleve.png\"><img loading=\"lazy\" class=\"alignnone wp-image-55\" src=\"http:\/\/morphophonology-eng-lll.msh-vdl.fr\/wp-content\/uploads\/2017\/04\/logo_labo_painleve.png\" alt=\"\" width=\"23\" height=\"29\" \/><\/a><a href=\"https:\/\/math.univ-lille1.fr\/\">Paul Painlev\u00e9 laboratory<\/a><\/p>\n<p style=\"padding-left: 30px;\"><a href=\"http:\/\/morphophonology-eng-lll.msh-vdl.fr\/wp-content\/uploads\/2017\/04\/CNRS2.png\"><img loading=\"lazy\" class=\"alignnone wp-image-56\" src=\"http:\/\/morphophonology-eng-lll.msh-vdl.fr\/wp-content\/uploads\/2017\/04\/CNRS2-300x300.png\" alt=\"\" width=\"26\" height=\"26\" \/><\/a><a href=\"http:\/\/cnrs.fr\">CNRS<\/a><\/p>\n<p style=\"padding-left: 30px;\"><a href=\"http:\/\/morphophonology-eng-lll.msh-vdl.fr\/wp-content\/uploads\/2017\/04\/logo_msh.png\"><img loading=\"lazy\" class=\"alignnone wp-image-57\" src=\"http:\/\/morphophonology-eng-lll.msh-vdl.fr\/wp-content\/uploads\/2017\/04\/logo_msh.png\" alt=\"\" width=\"38\" height=\"17\" \/> <\/a><a href=\"http:\/\/msh-vdl.fr\">MSH-vdl<\/a><\/p>\n<p style=\"padding-left: 30px;\"><a href=\"http:\/\/www.univ-tours.fr\/\"><img loading=\"lazy\" class=\"alignnone wp-image-61\" src=\"http:\/\/morphophonology-eng-lll.msh-vdl.fr\/wp-content\/uploads\/2017\/04\/Universite_Francois_Rabelais-300x214.png\" alt=\"\" width=\"29\" height=\"21\" \/><\/a><a href=\"http:\/\/univ-tours.fr\">Fran\u00e7ois Rabelais University<\/a><\/p>\n<p style=\"padding-left: 30px;\"><a href=\"http:\/\/www.univ-orleans.fr\/\"><img loading=\"lazy\" class=\"alignnone wp-image-58\" src=\"http:\/\/morphophonology-eng-lll.msh-vdl.fr\/wp-content\/uploads\/2017\/04\/Logo-Universite-Orleans2-300x176.jpg\" alt=\"\" width=\"32\" height=\"19\" \/><\/a><a href=\"http:\/\/univ-orleans.fr\">University of Orl\u00e9ans<\/a><\/p>\n<p style=\"padding-left: 30px;\"><a href=\"http:\/\/morphophonology-eng-lll.msh-vdl.fr\/wp-content\/uploads\/2017\/04\/universite-poitiers.jpg\"><img loading=\"lazy\" class=\"alignnone wp-image-78\" src=\"http:\/\/morphophonology-eng-lll.msh-vdl.fr\/wp-content\/uploads\/2017\/04\/universite-poitiers-300x190.jpg\" alt=\"\" width=\"36\" height=\"23\" \/><\/a><a href=\"http:\/\/www.univ-poitiers.fr\/\">University of Poitiers<\/a><\/p>\n<p style=\"padding-left: 30px;\">French network of phonology (RFP meeting in july : last date <a href=\"https:\/\/rfp2016.sciencesconf.org\/\">https:\/\/rfp2016.sciencesconf.org\/<\/a>)<\/p>\n<p style=\"padding-left: 30px;\">\n","protected":false},"excerpt":{"rendered":"<p>LLL Paul Painlev\u00e9 laboratory CNRS MSH-vdl Fran\u00e7ois Rabelais University University of Orl\u00e9ans University of Poitiers French network of phonology (RFP meeting in july : last date https:\/\/rfp2016.sciencesconf.org\/)<\/p>\n","protected":false},"author":1,"featured_media":0,"parent":0,"menu_order":0,"comment_status":"closed","ping_status":"closed","template":"","meta":[],"_links":{"self":[{"href":"https:\/\/morphophonology-eng-lll.msh-vdl.fr\/index.php\/wp-json\/wp\/v2\/pages\/44"}],"collection":[{"href":"https:\/\/morphophonology-eng-lll.msh-vdl.fr\/index.php\/wp-json\/wp\/v2\/pages"}],"about":[{"href":"https:\/\/morphophonology-eng-lll.msh-vdl.fr\/index.php\/wp-json\/wp\/v2\/types\/page"}],"author":[{"embeddable":true,"href":"https:\/\/morphophonology-eng-lll.msh-vdl.fr\/index.php\/wp-json\/wp\/v2\/users\/1"}],"replies":[{"embeddable":true,"href":"https:\/\/morphophonology-eng-lll.msh-vdl.fr\/index.php\/wp-json\/wp\/v2\/comments?post=44"}],"version-history":[{"count":4,"href":"https:\/\/morphophonology-eng-lll.msh-vdl.fr\/index.php\/wp-json\/wp\/v2\/pages\/44\/revisions"}],"predecessor-version":[{"id":115,"href":"https:\/\/morphophonology-eng-lll.msh-vdl.fr\/index.php\/wp-json\/wp\/v2\/pages\/44\/revisions\/115"}],"wp:attachment":[{"href":"https:\/\/morphophonology-eng-lll.msh-vdl.fr\/index.php\/wp-json\/wp\/v2\/media?parent=44"}],"curies":[{"name":"wp","href":"https:\/\/api.w.org\/{rel}","templated":true}]}}