{"id":6,"date":"2017-04-12T15:42:45","date_gmt":"2017-04-12T15:42:45","guid":{"rendered":"http:\/\/morphophonology-eng-lll.msh-vdl.fr\/?page_id=6"},"modified":"2017-04-13T09:51:24","modified_gmt":"2017-04-13T09:51:24","slug":"a-propos","status":"publish","type":"page","link":"https:\/\/morphophonology-eng-lll.msh-vdl.fr\/index.php\/fr\/a-propos\/","title":{"rendered":"A propos"},"content":{"rendered":"<p style=\"text-align: justify;\">Le <em>LLL<\/em> a initi\u00e9 en 2009 le projet de constitution d\u2019une base de donn\u00e9es dictionairique sur la prononciation de l\u2019anglais contemporain, projet auquel s\u2019est associ\u00e9e l\u2019Universit\u00e9 de Poitiers, \u00e0 partir de l\u2019exploitation de bases de donn\u00e9es informatiques, notamment la 12e \u00e9dition du dictionnaire de Daniel Jones, <em>English Pronouncing Dictionary,<\/em> r\u00e9alis\u00e9e par Lionel Guierre dans les ann\u00e9es 60, et la premi\u00e8re \u00e9dition du dictionnaire de J. C. Wells, <em>Longman Pronunciation Dictionary,<\/em> de 1990, mis \u00e0 l\u2019\u00e9poque \u00e0 la disposition des chercheurs fran\u00e7ais par son auteur. La poursuite de cette activit\u00e9 \u00e9tant dans la continuit\u00e9 de celle conduite dans le contrat en cours, on se reportera au bilan pour le d\u00e9tail de la m\u00e9thode et des \u00e9tudes, \u00e0 la bibliographie des participants pour les publications.<\/p>\n<p style=\"text-align: justify;\">Contrairement \u00e0 la partie historique du projet g\u00e9n\u00e9ral r\u00e9alis\u00e9e \u00e0 Poitiers, les accords de licence avec les \u00e9diteurs interdisent de rendre publique la base de donn\u00e9es qui sera r\u00e9alis\u00e9e. En revanche, les r\u00e9sultats de la recherche et la valorisation restent acquis au laboratoire. Les partenariats n\u00e9goci\u00e9s avec les \u00e9diteurs des trois dictionnaires concern\u00e9s paraissent prometteurs et laissent augurer des perspectives int\u00e9ressantes pour les \u00e9tudiants impliqu\u00e9s dans ce programme qui comprend :<\/p>\n<ul style=\"text-align: justify;\">\n<li>constitution d\u2019une base de donn\u00e9es relationnelle \u00e0 partir des trois dictionnaires contemporains,<\/li>\n<li>normalisation de la base et de la base poitevine pour assurer l\u2019interfa\u00e7age.<\/li>\n<li>\u00e9laboration de programmes de traitement et d\u2019analyse automatiques.<\/li>\n<\/ul>\n<p style=\"text-align: justify;\">Comme il n\u2019existe pas \u00e0 ce jour de base de donn\u00e9es sur la prononciation de l\u2019anglais contemporain \u00e0 la mesure de celle en cours, ce travail doit permettre de d\u00e9velopper, tester et mettre en \u0153uvre l\u2019analyse du fonctionnement de la prononciation de l\u2019anglais avec une fiabilit\u00e9 in\u00e9gal\u00e9e sur la sc\u00e8ne scientifique internationale. L\u2019ampleur de la t\u00e2che implique d\u2019inscrire ce projet dans un programme g\u00e9n\u00e9ral de longue dur\u00e9e, dont les deux premi\u00e8res ann\u00e9es (2010-2011) auront permis la r\u00e9alisation de la base. L\u2019interfa\u00e7age avec la base de donn\u00e9es historique constitu\u00e9e \u00e0 Poitiers doit permettre de v\u00e9rifier et consolider cette analyse en l\u2019articulant \u00e0 la dynamique diachronique : ici encore, si cette voie a \u00e9t\u00e9 parfois explor\u00e9e, elle ne l\u2019a jamais \u00e9t\u00e9 avec le caract\u00e8re syst\u00e9matique et empiriquement v\u00e9rifi\u00e9 qui caract\u00e9rise notre projet scientifique.<\/p>\n<p style=\"text-align: justify;\">Les deux domaines sont pris en charge par :<\/p>\n<ul style=\"text-align: justify;\">\n<li>le FORELL : dans le prolongement des recherches d\u00e9j\u00e0 conduites sur la variation en anglais contemporain et sur les \u00e9ditions \u00e9lectroniques d\u00e9j\u00e0 r\u00e9alis\u00e9es des dictionnaires de Bailey (1727), Buchanan (1766) ou partiellement r\u00e9alis\u00e9e (Stephen Jones, d\u00e9but XIX<sup>e<\/sup> s.), afin d\u2019\u00e9tablir une \u00e9dition num\u00e9rique du dictionnaire de John Walker, <em>A Critical Pronouncing Dictionary And Expositor of the English Language<\/em> (2<sup>e<\/sup> \u00e9d, 1797), qui cumule les observations de nombreux autres auteurs du XVIII<sup>e<\/sup> si\u00e8cle.<\/li>\n<\/ul>\n<ul style=\"text-align: justify;\">\n<li>le <em>LLL<\/em> : r\u00e9alisation de la partie corpus dictionairique contemporain \u00e0 partir des bases de donn\u00e9es des deux dictionnaires de r\u00e9f\u00e9rence sur la prononciation britannique contemporaine (incluant des donn\u00e9es sur la prononciation am\u00e9ricaine) : <em>Longman Pronunciation Dictionary<\/em> et <em>Cambridge English Pronouncing Dictionary<\/em>, et celle du dictionnaire de r\u00e9f\u00e9rence de l\u2019anglais australien, <em>Macquarie Dictionary<\/em>. Elabor\u00e9 en base de donn\u00e9es relationnelle, le corpus compl\u00e8tera les informations de ces dictionnaires, en particulier les deux premiers, dans les domaines de la morphologie, la lexicologie, la syntaxe et la s\u00e9mantique (2012-2015).<\/li>\n<\/ul>\n<p style=\"text-align: justify;\">Ce projet, qui s\u2019int\u00e8gre dans la relance, par les universit\u00e9s de Tours et d\u2019Orl\u00e9ans, du R\u00e9seau Fran\u00e7ais de Phonologie, a fait l\u2019objet d\u2019un financement des Universit\u00e9s de Tours et de Poitiers pour sa phase initiale.<\/p>\n","protected":false},"excerpt":{"rendered":"<p>Le LLL a initi\u00e9 en 2009 le projet de constitution d\u2019une base de donn\u00e9es dictionairique sur la prononciation de l\u2019anglais contemporain, projet auquel s\u2019est associ\u00e9e l\u2019Universit\u00e9 de Poitiers, \u00e0 partir de l\u2019exploitation de bases de donn\u00e9es informatiques, notamment la 12e &hellip; <a href=\"https:\/\/morphophonology-eng-lll.msh-vdl.fr\/index.php\/fr\/a-propos\/\">Continuer la lecture <span class=\"meta-nav\">&rarr;<\/span><\/a><\/p>\n","protected":false},"author":1,"featured_media":0,"parent":0,"menu_order":0,"comment_status":"closed","ping_status":"closed","template":"","meta":[],"_links":{"self":[{"href":"https:\/\/morphophonology-eng-lll.msh-vdl.fr\/index.php\/wp-json\/wp\/v2\/pages\/6"}],"collection":[{"href":"https:\/\/morphophonology-eng-lll.msh-vdl.fr\/index.php\/wp-json\/wp\/v2\/pages"}],"about":[{"href":"https:\/\/morphophonology-eng-lll.msh-vdl.fr\/index.php\/wp-json\/wp\/v2\/types\/page"}],"author":[{"embeddable":true,"href":"https:\/\/morphophonology-eng-lll.msh-vdl.fr\/index.php\/wp-json\/wp\/v2\/users\/1"}],"replies":[{"embeddable":true,"href":"https:\/\/morphophonology-eng-lll.msh-vdl.fr\/index.php\/wp-json\/wp\/v2\/comments?post=6"}],"version-history":[{"count":1,"href":"https:\/\/morphophonology-eng-lll.msh-vdl.fr\/index.php\/wp-json\/wp\/v2\/pages\/6\/revisions"}],"predecessor-version":[{"id":7,"href":"https:\/\/morphophonology-eng-lll.msh-vdl.fr\/index.php\/wp-json\/wp\/v2\/pages\/6\/revisions\/7"}],"wp:attachment":[{"href":"https:\/\/morphophonology-eng-lll.msh-vdl.fr\/index.php\/wp-json\/wp\/v2\/media?parent=6"}],"curies":[{"name":"wp","href":"https:\/\/api.w.org\/{rel}","templated":true}]}}